{"id":15166,"date":"2023-11-17T14:14:02","date_gmt":"2023-11-17T13:14:02","guid":{"rendered":"https:\/\/buehner.m-staging.de\/?page_id=15166"},"modified":"2024-07-22T16:59:03","modified_gmt":"2024-07-22T14:59:03","slug":"impressum","status":"publish","type":"page","link":"https:\/\/gaertnerei-buehner.de\/?page_id=15166","title":{"rendered":"Impressum"},"content":{"rendered":"\n<p>G\u00e4rtnerei B\u00fchner<\/p>\n\n\n\n<p>Erlenstra\u00dfe 45<br>73663 Berglen<\/p>\n\n\n\n<p>Gesch\u00e4ftsf\u00fchrer: Gunther B\u00fchner<\/p>\n\n\n\n<p>Tel.: 0 71 95 &#8211; 7 40 90<\/p>\n\n\n\n<p>eMail: <a href=\"mailto:info@gaertnerei-buehner.de\">info@gaertnerei-buehner.de<\/a><\/p>\n\n\n\n<p><strong>Inhaltlich Verantwortlicher gem\u00e4\u00df \u00a7 6 MDStV:<\/strong><\/p>\n\n\n\n<p>Gunther B\u00fchner<\/p>\n\n\n\n<p><strong>Haftungshinweis:&nbsp;<\/strong><br>Trotz sorgf\u00e4ltiger inhaltlicher Kontrolle \u00fcbernehmen wir keine Haftung f\u00fcr die Inhalte externer Links. F\u00fcr den Inhalt der verlinkten Seiten sind ausschlie\u00dflich deren Betreiber verantwortlich.<\/p>\n\n\n\n<p><strong>Copyright:<\/strong><br>Die Inhalte und Struktur der Website www.gaertnerei-buehner.de unterliegen dem Copyright der G\u00e4rtnerei B\u00fchner. Eine Verwendung, insbesondere der Texte, Grafiken, Bilder, Daten usw., auch auszugsweise, ist nur mit ausdr\u00fccklicher schriftlicher Genehmigung gestattet. Die in der Website genannten Markennamen und Produktbilder werden ausschlie\u00dflich zu Informationszwecken genannt, bzw. bereitgestellt und sind Eigentum ihrer Besitzer.<\/p>\n\n\n\n<p><strong>Hinweis:<\/strong><br>Die G\u00e4rtnerei B\u00fchner beh\u00e4lt sich das Recht vor, jederzeit \u00c4nderungen und Erg\u00e4nzungen vor zu nehmen. Trotz sorgf\u00e4ltiger Pr\u00fcfung aller Inhalte, \u00fcbernimmt die G\u00e4rtnerei B\u00fchner keine Garantie f\u00fcr Aktualit\u00e4t und Vollst\u00e4ndigkeit der bereit gestellten Informationen.<\/p>\n\n\n\n<p><strong>Webdesign und Code:<\/strong><br>Matthias K\u00f6lbel \u2013&nbsp;<a href=\"http:\/\/www.mindscript.de\/\" target=\"_blank\" rel=\"noreferrer noopener\">www.mindscript.de<\/a>&nbsp;\u2013<\/p>\n\n\n\n<p><strong>Content Management System:<\/strong><br><a href=\"http:\/\/wordpress.org\/\" target=\"_blank\" rel=\"noreferrer noopener\">WordPress<\/a><\/p>\n","protected":false},"excerpt":{"rendered":"<p>G\u00e4rtnerei B\u00fchner Erlenstra\u00dfe 4573663 Berglen Gesch\u00e4ftsf\u00fchrer: Gunther B\u00fchner Tel.: 0 71 95 &#8211; 7 40 90 eMail: info@gaertnerei-buehner.de Inhaltlich Verantwortlicher gem\u00e4\u00df \u00a7 6 MDStV: Gunther B\u00fchner Haftungshinweis:&nbsp;Trotz sorgf\u00e4ltiger inhaltlicher Kontrolle \u00fcbernehmen wir keine Haftung f\u00fcr die Inhalte externer Links. F\u00fcr den Inhalt der verlinkten Seiten sind ausschlie\u00dflich deren Betreiber verantwortlich. Copyright:Die Inhalte und Struktur der&hellip;<\/p>\n","protected":false},"author":1,"featured_media":0,"parent":0,"menu_order":0,"comment_status":"closed","ping_status":"closed","template":"template-microsite.php","meta":{"footnotes":""},"class_list":["post-15166","page","type-page","status-publish","hentry","description-off"],"_links":{"self":[{"href":"https:\/\/gaertnerei-buehner.de\/index.php?rest_route=\/wp\/v2\/pages\/15166","targetHints":{"allow":["GET"]}}],"collection":[{"href":"https:\/\/gaertnerei-buehner.de\/index.php?rest_route=\/wp\/v2\/pages"}],"about":[{"href":"https:\/\/gaertnerei-buehner.de\/index.php?rest_route=\/wp\/v2\/types\/page"}],"author":[{"embeddable":true,"href":"https:\/\/gaertnerei-buehner.de\/index.php?rest_route=\/wp\/v2\/users\/1"}],"replies":[{"embeddable":true,"href":"https:\/\/gaertnerei-buehner.de\/index.php?rest_route=%2Fwp%2Fv2%2Fcomments&post=15166"}],"version-history":[{"count":2,"href":"https:\/\/gaertnerei-buehner.de\/index.php?rest_route=\/wp\/v2\/pages\/15166\/revisions"}],"predecessor-version":[{"id":15270,"href":"https:\/\/gaertnerei-buehner.de\/index.php?rest_route=\/wp\/v2\/pages\/15166\/revisions\/15270"}],"wp:attachment":[{"href":"https:\/\/gaertnerei-buehner.de\/index.php?rest_route=%2Fwp%2Fv2%2Fmedia&parent=15166"}],"curies":[{"name":"wp","href":"https:\/\/api.w.org\/{rel}","templated":true}]}}